{"id":115,"date":"2016-08-30T02:04:13","date_gmt":"2016-08-30T02:04:13","guid":{"rendered":"http:\/\/myymala.neolifecare.com\/?post_type=product&#038;p=115"},"modified":"2024-09-25T09:39:19","modified_gmt":"2024-09-25T09:39:19","slug":"115","status":"publish","type":"product","link":"https:\/\/neolifecare.com\/kauppa\/tuote\/115\/","title":{"rendered":"Formula IV"},"content":{"rendered":"<p>Laaja kirjo vitamiineja ja kivenn\u00e4isaineita, mukaan lukien A- ja D-vitamiinia, B-vitamiiniyhdistelmi\u00e4, C- ja E-vitamiinia.Tre-en-en jyv\u00e4tiiviste tarjoaa\u00a0lipidej\u00e4 ja steroleja.Luonnollisen lehtivihre\u00e4n v\u00e4riset, pehme\u00e4t gelatiinikuorilot varmistavat pitoisuuden.<\/p>\n<p>&nbsp;<\/p>\n<div class=\"grid_3\">\n<h3>K\u00e4ytt\u00f6<\/h3>\n<div class=\"TabbedBoxInnerContent\">\n<p>Nauti yksi kuorilo p\u00e4iv\u00e4ss\u00e4 aterian yhteydess\u00e4.<\/p>\n<p>Ainesosa- ja ravintolis\u00e4tiedot l\u00f6yd\u00e4t katsomalla etiketti\u00e4.<\/p>\n<ul>\n<li>Ravintolis\u00e4\u00e4 ei tule k\u00e4ytt\u00e4\u00e4 monipuolisen ruokavalion korvikkeena.<\/li>\n<li>Ilmoitettua suositeltua vuorokausiannosta ei saa ylitt\u00e4\u00e4.<\/li>\n<li>Tuote on s\u00e4ilytett\u00e4v\u00e4 pienten lasten ulottomattomissa.<\/li>\n<\/ul>\n<\/div>\n<\/div>\n","protected":false},"excerpt":{"rendered":"<p>Ensimm\u00e4inen monivaikutteinen ravintolis\u00e4, joka sis\u00e4lt\u00e4\u00e4 vitamiineja ja oheisravintotekij\u00f6it\u00e4, kivenn\u00e4isaineita sek\u00e4 lipidej\u00e4 ja steroleja.<\/p>\n","protected":false},"featured_media":42,"comment_status":"open","ping_status":"closed","template":"","meta":[],"class_list":{"0":"post-115","1":"product","2":"type-product","3":"status-publish","4":"has-post-thumbnail","6":"product_cat-ravintolisat","7":"product_tag-formula-iv","8":"product_tag-ravintolisat","10":"first","11":"outofstock","12":"taxable","13":"shipping-taxable","14":"purchasable","15":"product-type-simple"},"_links":{"self":[{"href":"https:\/\/neolifecare.com\/kauppa\/wp-json\/wp\/v2\/product\/115"}],"collection":[{"href":"https:\/\/neolifecare.com\/kauppa\/wp-json\/wp\/v2\/product"}],"about":[{"href":"https:\/\/neolifecare.com\/kauppa\/wp-json\/wp\/v2\/types\/product"}],"replies":[{"embeddable":true,"href":"https:\/\/neolifecare.com\/kauppa\/wp-json\/wp\/v2\/comments?post=115"}],"version-history":[{"count":0,"href":"https:\/\/neolifecare.com\/kauppa\/wp-json\/wp\/v2\/product\/115\/revisions"}],"wp:featuredmedia":[{"embeddable":true,"href":"https:\/\/neolifecare.com\/kauppa\/wp-json\/wp\/v2\/media\/42"}],"wp:attachment":[{"href":"https:\/\/neolifecare.com\/kauppa\/wp-json\/wp\/v2\/media?parent=115"}],"curies":[{"name":"wp","href":"https:\/\/api.w.org\/{rel}","templated":true}]}}