{"id":116,"date":"2016-08-30T02:12:53","date_gmt":"2016-08-30T02:12:53","guid":{"rendered":"http:\/\/myymala.neolifecare.com\/?post_type=product&#038;p=116"},"modified":"2016-08-30T02:20:28","modified_gmt":"2016-08-30T02:20:28","slug":"tre-ravitseva-juoma","status":"publish","type":"product","link":"https:\/\/neolifecare.com\/kauppa\/tuote\/tre-ravitseva-juoma\/","title":{"rendered":"Tre &#8211; ravitseva juoma"},"content":{"rendered":"<div class=\"TabbedBoxInnerContent\">\n<ul>\n<li>Tehokas ja ainutlaatuinen yhdistelm\u00e4 puhtaimpia uutteita granaattiomenasta, acai-marjasta ja vihre\u00e4st\u00e4 teest\u00e4 sek\u00e4 patentoitua Inflox-marjasekoitusta vahvistettuna resveratrolilla ja alfalipoiinihapolla. Makeutettu luonnollisesti agave-kaktuksen mehulla.<\/li>\n<li>Voimakasta, sis\u00e4lt\u00e4\u00e4 standardisoidut m\u00e4\u00e4r\u00e4t aktiivisia ainesosia kuten punikalagiineja granaattiomenasta ja polyfenoleja vihre\u00e4st\u00e4 teest\u00e4.<\/li>\n<li>Herkullista ja tiivistetty\u00e4 &#8211; koet raikkaan maun ja virkist\u00e4v\u00e4n tehokkuuden ensi siemauksesta alkaen.<\/li>\n<li>Raikasta ja \u00e4lyk\u00e4st\u00e4. Tre on virkist\u00e4v\u00e4 juoma, jonka glykeeminen vaste on alhainen.<\/li>\n<\/ul>\n<\/div>\n<div class=\"grid_3\">\n<h3>K\u00e4ytt\u00f6<\/h3>\n<div class=\"TabbedBoxInnerContent\">\n<p>Juo 30 ml 1-2 kertaa p\u00e4iv\u00e4ss\u00e4. Tarjoillaan kylm\u00e4n\u00e4. Ravista ennen k\u00e4ytt\u00f6\u00e4.<\/p>\n<\/div>\n<\/div>\n<div id=\"ctl00_ContentPane_CategoryView_panel_3\" class=\"TabPanel\">\n<div class=\"grid_6 alpha\">\n<table class=\"TabPanelTable\">\n<colgroup>\n<col \/>\n<col class=\"TabPanelTableKey\" \/><\/colgroup>\n<thead>\n<tr>\n<th>Tyyppi ja koko<\/th>\n<th>#Tuote<\/th>\n<\/tr>\n<\/thead>\n<tbody>\n<tr class=\"Shade\">\n<td>750 ml<\/td>\n<td>735<\/td>\n<\/tr>\n<\/tbody>\n<\/table>\n<\/div>\n<\/div>\n<div class=\"grid_3 omega\"><\/div>\n","protected":false},"excerpt":{"rendered":"<p>Ei vain mehua, se valjastaa granaattiomenan, acai-marjan ja vihre\u00e4n teen voiman sinun hyv\u00e4ksesi.<\/p>\n<div class=\"grid_3\">\n<h3>Edut<\/h3>\n<div class=\"TabbedBoxInnerContent\">\n<ul>\n<li>Sis\u00e4lt\u00e4\u00e4 viiniryp\u00e4leiden kallisarvoista resveratrolia ja muita keskeisi\u00e4 vesiliukoisia fytoravintoaineita.<\/li>\n<\/ul>\n<\/div>\n<\/div>\n","protected":false},"featured_media":117,"comment_status":"open","ping_status":"closed","template":"","meta":[],"class_list":{"0":"post-116","1":"product","2":"type-product","3":"status-publish","4":"has-post-thumbnail","6":"product_cat-ravintolisat","7":"product_tag-ravintolisat","8":"product_tag-tre-ravitseva-juoma","10":"first","11":"outofstock","12":"taxable","13":"shipping-taxable","14":"purchasable","15":"product-type-simple"},"_links":{"self":[{"href":"https:\/\/neolifecare.com\/kauppa\/wp-json\/wp\/v2\/product\/116"}],"collection":[{"href":"https:\/\/neolifecare.com\/kauppa\/wp-json\/wp\/v2\/product"}],"about":[{"href":"https:\/\/neolifecare.com\/kauppa\/wp-json\/wp\/v2\/types\/product"}],"replies":[{"embeddable":true,"href":"https:\/\/neolifecare.com\/kauppa\/wp-json\/wp\/v2\/comments?post=116"}],"version-history":[{"count":0,"href":"https:\/\/neolifecare.com\/kauppa\/wp-json\/wp\/v2\/product\/116\/revisions"}],"wp:featuredmedia":[{"embeddable":true,"href":"https:\/\/neolifecare.com\/kauppa\/wp-json\/wp\/v2\/media\/117"}],"wp:attachment":[{"href":"https:\/\/neolifecare.com\/kauppa\/wp-json\/wp\/v2\/media?parent=116"}],"curies":[{"name":"wp","href":"https:\/\/api.w.org\/{rel}","templated":true}]}}