{"id":118,"date":"2016-08-30T02:34:35","date_gmt":"2016-08-30T02:34:35","guid":{"rendered":"http:\/\/myymala.neolifecare.com\/?post_type=product&#038;p=118"},"modified":"2024-09-26T12:06:05","modified_gmt":"2024-09-26T12:06:05","slug":"118","status":"publish","type":"product","link":"https:\/\/neolifecare.com\/kauppa\/tuote\/118\/","title":{"rendered":"Pro Vitality+"},"content":{"rendered":"<p>Kokonaisia ruoka-aineita elinvoimaisuudellesi<\/p>\n<div class=\"grid_3\">\n<div class=\"TabbedBoxInnerContent\">\n<ul>\n<li>C- ja E-vitamiini edist\u00e4v\u00e4t solujen suojaamista hapettumisstressilt\u00e4.<\/li>\n<li>EPA ja DHA edist\u00e4v\u00e4t syd\u00e4men normaalia toimintaa. Edullinen vaikutus saavutetaan nauttimalla p\u00e4ivitt\u00e4in 250 mg EPA:ta ja DHA:ta.<\/li>\n<li>A-, C- ja D-vitamiinit edist\u00e4v\u00e4t immuunij\u00e4rjestelm\u00e4n normaalia toimintaa.<\/li>\n<li>Rauta auttaa v\u00e4hent\u00e4m\u00e4\u00e4n v\u00e4symyst\u00e4 ja uupumusta.<\/li>\n<li>Sinkki edist\u00e4\u00e4 ihon, hiusten ja kynsien pysymist\u00e4 normaaleina.<\/li>\n<\/ul>\n<\/div>\n<\/div>\n","protected":false},"excerpt":{"rendered":"<p>Jokainen pussi sis\u00e4lt\u00e4\u00e4:<\/p>\n<ul>\n<li>Tre-en-en jyv\u00e4tiiviste:<br \/>\nTarjoaa\u00a0lipidej\u00e4 ja steroleja.<\/li>\n<li>Carotenoid Complex:<br \/>\nTarjoaa tehokkaita karotenoideja<\/li>\n<li>Omega Salmon Oil Plus:<br \/>\nTarjoaa EPA:ta ja DHA:ta<\/li>\n<li>Essential Vitamin and Mineral Complex:<br \/>\nTarjoaa keskeisi\u00e4 vitamiineja ja kivenn\u00e4isaineita<\/li>\n<\/ul>\n","protected":false},"featured_media":119,"comment_status":"open","ping_status":"closed","template":"","meta":[],"class_list":{"0":"post-118","1":"product","2":"type-product","3":"status-publish","4":"has-post-thumbnail","6":"product_cat-ravintolisat","8":"first","9":"outofstock","10":"downloadable","11":"taxable","12":"shipping-taxable","13":"purchasable","14":"product-type-simple"},"_links":{"self":[{"href":"https:\/\/neolifecare.com\/kauppa\/wp-json\/wp\/v2\/product\/118"}],"collection":[{"href":"https:\/\/neolifecare.com\/kauppa\/wp-json\/wp\/v2\/product"}],"about":[{"href":"https:\/\/neolifecare.com\/kauppa\/wp-json\/wp\/v2\/types\/product"}],"replies":[{"embeddable":true,"href":"https:\/\/neolifecare.com\/kauppa\/wp-json\/wp\/v2\/comments?post=118"}],"version-history":[{"count":1,"href":"https:\/\/neolifecare.com\/kauppa\/wp-json\/wp\/v2\/product\/118\/revisions"}],"predecessor-version":[{"id":1312,"href":"https:\/\/neolifecare.com\/kauppa\/wp-json\/wp\/v2\/product\/118\/revisions\/1312"}],"wp:featuredmedia":[{"embeddable":true,"href":"https:\/\/neolifecare.com\/kauppa\/wp-json\/wp\/v2\/media\/119"}],"wp:attachment":[{"href":"https:\/\/neolifecare.com\/kauppa\/wp-json\/wp\/v2\/media?parent=118"}],"curies":[{"name":"wp","href":"https:\/\/api.w.org\/{rel}","templated":true}]}}