{"id":121,"date":"2016-08-30T03:18:55","date_gmt":"2016-08-30T03:18:55","guid":{"rendered":"http:\/\/myymala.neolifecare.com\/?post_type=product&#038;p=121"},"modified":"2024-09-25T09:39:19","modified_gmt":"2024-09-25T09:39:19","slug":"supper-10","status":"publish","type":"product","link":"https:\/\/neolifecare.com\/kauppa\/tuote\/supper-10\/","title":{"rendered":"Supper 10"},"content":{"rendered":"<p>Kolmitehoinen saippuaa, liuottimia ja pinta-aktiivisia aineita sis\u00e4lt\u00e4v\u00e4 puhdistusaine pyyhkii pois lian ja rasvan.<\/p>\n<p>Teollisuusk\u00e4ytt\u00f6\u00f6n sopiva tuote, joka on kuitenkin turvallista sinulle ja kodillesi.<\/p>\n<p>&nbsp;<\/p>\n<div class=\"grid_3\">\n<h3>K\u00e4ytt\u00f6<\/h3>\n<div class=\"TabbedBoxInnerContent\">\n<p>YLEINEN K\u00c4YTT\u00d6: Laimenna 1 osa Super 10:\u00e4 10 osaan vett\u00e4 suihkepullossa. ERITT\u00c4IN HANKALA PUHDISTUS: Laimenna 1 osa Super 10:\u00e4 3 osaan vett\u00e4 suihkepullossa. Suihkuta lian p\u00e4\u00e4lle, hankaa ja anna vaikuttaa hetken. Pyyhi pois.<\/p>\n<\/div>\n<\/div>\n","protected":false},"excerpt":{"rendered":"<p>Super 10 on valintasi vaikeimpia puhdistustarpeita varten.<\/p>\n<div class=\"grid_3\">\n<div class=\"TabbedBoxInnerContent\">\n<ul>\n<li>Puhdistusaineesi p\u00e4ivitt\u00e4iseen k\u00e4ytt\u00f6\u00f6n.<\/li>\n<li>Tehokas kaikissa puhdistustarpeissa keitti\u00f6st\u00e4 autotalliin.<\/li>\n<li>Teollisuusk\u00e4ytt\u00f6\u00f6n sopiva puhdistusaine, jota voi k\u00e4ytt\u00e4\u00e4 mill\u00e4 tahansa pinnalla, jolla voi k\u00e4ytt\u00e4\u00e4 vett\u00e4.<\/li>\n<li>Tiivistetty\u00e4: pieni m\u00e4\u00e4r\u00e4 riitt\u00e4\u00e4 pitk\u00e4lle.<\/li>\n<\/ul>\n<\/div>\n<\/div>\n","protected":false},"featured_media":122,"comment_status":"open","ping_status":"closed","template":"","meta":[],"class_list":{"0":"post-121","1":"product","2":"type-product","3":"status-publish","4":"has-post-thumbnail","6":"product_cat-puhdistustuotteet","7":"product_tag-puhdistustuotteet","8":"product_tag-supper-10","10":"first","11":"outofstock","12":"sale","13":"taxable","14":"shipping-taxable","15":"purchasable","16":"product-type-simple"},"_links":{"self":[{"href":"https:\/\/neolifecare.com\/kauppa\/wp-json\/wp\/v2\/product\/121"}],"collection":[{"href":"https:\/\/neolifecare.com\/kauppa\/wp-json\/wp\/v2\/product"}],"about":[{"href":"https:\/\/neolifecare.com\/kauppa\/wp-json\/wp\/v2\/types\/product"}],"replies":[{"embeddable":true,"href":"https:\/\/neolifecare.com\/kauppa\/wp-json\/wp\/v2\/comments?post=121"}],"version-history":[{"count":1,"href":"https:\/\/neolifecare.com\/kauppa\/wp-json\/wp\/v2\/product\/121\/revisions"}],"predecessor-version":[{"id":123,"href":"https:\/\/neolifecare.com\/kauppa\/wp-json\/wp\/v2\/product\/121\/revisions\/123"}],"wp:featuredmedia":[{"embeddable":true,"href":"https:\/\/neolifecare.com\/kauppa\/wp-json\/wp\/v2\/media\/122"}],"wp:attachment":[{"href":"https:\/\/neolifecare.com\/kauppa\/wp-json\/wp\/v2\/media?parent=121"}],"curies":[{"name":"wp","href":"https:\/\/api.w.org\/{rel}","templated":true}]}}