{"id":124,"date":"2016-08-30T03:28:45","date_gmt":"2016-08-30T03:28:45","guid":{"rendered":"http:\/\/myymala.neolifecare.com\/?post_type=product&#038;p=124"},"modified":"2022-08-10T06:41:26","modified_gmt":"2022-08-10T06:41:26","slug":"ldc-mieto-puhdistusaine","status":"publish","type":"product","link":"https:\/\/neolifecare.com\/kauppa\/tuote\/ldc-mieto-puhdistusaine\/","title":{"rendered":"LDC mieto puhdistusaine"},"content":{"rendered":"<p>Kolmoisaktiivinen puhdistustuote, joka tekee vedest\u00e4 &#8220;m\u00e4remp\u00e4\u00e4&#8221; ja saa aikaan tehokkaampia tuloksia.<\/p>\n<ul>\n<li>Eritt\u00e4in tehokas, mutta samalla hell\u00e4varainen k\u00e4sille<\/li>\n<\/ul>\n<div class=\"grid_3\">\n<div class=\"TabbedBoxInnerContent\">\n<p>YLEISPUHDISTUS: Sekoita 1 osa LDC:t\u00e4 5 osaan vett\u00e4. T\u00e4t\u00e4 suhdetta voi nostaa veden kovuudesta ja liasta riippuen. Kovan veden alueilla aloita 1 osalla LDC:t\u00e4 3 osaan vett\u00e4. S\u00e4ilyt\u00e4 sekoitusta sekoituspullossa.<\/p>\n<\/div>\n<\/div>\n","protected":false},"excerpt":{"rendered":"<p>LDC on mieto ja monipuolinen kodin puhdistusaine.<\/p>\n<div class=\"grid_3\">\n<div class=\"TabbedBoxInnerContent\">\n<ul>\n<li>Pese astioita, k\u00e4sipyykki\u00e4, keitti\u00f6n tasot, j\u00e4\u00e4kaapit ja monet muut likaantuneet pinnat.<\/li>\n<li>Eritt\u00e4in hell\u00e4varainen k\u00e4sille ja turvallinen koko perheelle.<\/li>\n<li>Biohajoava<\/li>\n<\/ul>\n<\/div>\n<\/div>\n","protected":false},"featured_media":125,"comment_status":"open","ping_status":"closed","template":"","meta":[],"class_list":{"0":"post-124","1":"product","2":"type-product","3":"status-publish","4":"has-post-thumbnail","6":"product_cat-puhdistustuotteet","7":"product_tag-ldc","8":"product_tag-ldc-mieto-puhdistusaine","9":"product_tag-puhdistustuotteet","11":"first","12":"outofstock","13":"sale","14":"taxable","15":"shipping-taxable","16":"purchasable","17":"product-type-simple"},"_links":{"self":[{"href":"https:\/\/neolifecare.com\/kauppa\/wp-json\/wp\/v2\/product\/124"}],"collection":[{"href":"https:\/\/neolifecare.com\/kauppa\/wp-json\/wp\/v2\/product"}],"about":[{"href":"https:\/\/neolifecare.com\/kauppa\/wp-json\/wp\/v2\/types\/product"}],"replies":[{"embeddable":true,"href":"https:\/\/neolifecare.com\/kauppa\/wp-json\/wp\/v2\/comments?post=124"}],"version-history":[{"count":0,"href":"https:\/\/neolifecare.com\/kauppa\/wp-json\/wp\/v2\/product\/124\/revisions"}],"wp:featuredmedia":[{"embeddable":true,"href":"https:\/\/neolifecare.com\/kauppa\/wp-json\/wp\/v2\/media\/125"}],"wp:attachment":[{"href":"https:\/\/neolifecare.com\/kauppa\/wp-json\/wp\/v2\/media?parent=124"}],"curies":[{"name":"wp","href":"https:\/\/api.w.org\/{rel}","templated":true}]}}