{"id":126,"date":"2016-08-30T03:30:30","date_gmt":"2016-08-30T03:30:30","guid":{"rendered":"http:\/\/myymala.neolifecare.com\/?post_type=product&#038;p=126"},"modified":"2024-08-18T18:55:40","modified_gmt":"2024-08-18T18:55:40","slug":"g1-pyykinpesuaine","status":"publish","type":"product","link":"https:\/\/neolifecare.com\/kauppa\/tuote\/g1-pyykinpesuaine\/","title":{"rendered":"G1 pyykinpesuaine"},"content":{"rendered":"<p>Poistaa hankalimmatkin tahrat ja tekee vaatteistasi j\u00e4lleen kuin uudet.<\/p>\n<ul>\n<li>Pehment\u00e4\u00e4 ja raikastaa samalla kun pesee.<\/li>\n<li>Eritt\u00e4in tiivistetty\u00e4 &#8211; k\u00e4yt\u00e4 vain 1\/4 kupillista.<\/li>\n<li>Turvallinen my\u00f6s herkille tekstiileille.<\/li>\n<\/ul>\n<p>&nbsp;<\/p>\n<div class=\"grid_3\">\n<h3>K\u00e4ytt\u00f6<\/h3>\n<div class=\"TabbedBoxInnerContent\">\n<p>Tarvitaan vain pieni m\u00e4\u00e4r\u00e4. Noudata etiketin ohjeita.<\/p>\n<\/div>\n<\/div>\n<div id=\"ctl00_ContentPane_CategoryView_panel_3\" class=\"TabPanel\">\n<div class=\"grid_6 alpha\">\n<table class=\"TabPanelTable\">\n<colgroup>\n<col \/>\n<col class=\"TabPanelTableKey\" \/><\/colgroup>\n<thead>\n<tr>\n<th>Tyyppi ja koko<\/th>\n<th>#Tuote<\/th>\n<\/tr>\n<\/thead>\n<tbody>\n<tr class=\"Shade\">\n<td>69 deci litre<\/td>\n<td>144<\/td>\n<\/tr>\n<\/tbody>\n<\/table>\n<\/div>\n<\/div>\n<div class=\"grid_3 omega\"><\/div>\n","protected":false},"excerpt":{"rendered":"<p>G1 on tiivistetty, biohajoava pyykinpesujauhe, joka huuhtoutuu pois helposti.<\/p>\n<div class=\"grid_3\">\n<div class=\"TabbedBoxInnerContent\">\n<ul>\n<li>Tehokas, ymp\u00e4ris\u00f6yst\u00e4v\u00e4llinen pyykinpesuaine, joka suojaa pesukonettasi korroosiota vastaan.<\/li>\n<li>Helposti huuhtoutuva koostumus auttaa pit\u00e4m\u00e4\u00e4n vaatteiden v\u00e4rit kirkkaina ja poistaa ihoa mahdollisesti \u00e4rsytt\u00e4v\u00e4t j\u00e4\u00e4m\u00e4t.<\/li>\n<li>Biohajoava ja fosfaatiton.<\/li>\n<\/ul>\n<\/div>\n<\/div>\n","protected":false},"featured_media":128,"comment_status":"open","ping_status":"closed","template":"","meta":[],"class_list":{"0":"post-126","1":"product","2":"type-product","3":"status-publish","4":"has-post-thumbnail","6":"product_cat-puhdistustuotteet","7":"product_tag-g1-pyykinpesuaine","8":"product_tag-pesuaine","9":"product_tag-puhdistustuotteet","11":"first","12":"outofstock","13":"sale","14":"taxable","15":"shipping-taxable","16":"purchasable","17":"product-type-simple"},"_links":{"self":[{"href":"https:\/\/neolifecare.com\/kauppa\/wp-json\/wp\/v2\/product\/126"}],"collection":[{"href":"https:\/\/neolifecare.com\/kauppa\/wp-json\/wp\/v2\/product"}],"about":[{"href":"https:\/\/neolifecare.com\/kauppa\/wp-json\/wp\/v2\/types\/product"}],"replies":[{"embeddable":true,"href":"https:\/\/neolifecare.com\/kauppa\/wp-json\/wp\/v2\/comments?post=126"}],"version-history":[{"count":0,"href":"https:\/\/neolifecare.com\/kauppa\/wp-json\/wp\/v2\/product\/126\/revisions"}],"wp:featuredmedia":[{"embeddable":true,"href":"https:\/\/neolifecare.com\/kauppa\/wp-json\/wp\/v2\/media\/128"}],"wp:attachment":[{"href":"https:\/\/neolifecare.com\/kauppa\/wp-json\/wp\/v2\/media?parent=126"}],"curies":[{"name":"wp","href":"https:\/\/api.w.org\/{rel}","templated":true}]}}