{"id":76,"date":"2016-08-27T00:34:53","date_gmt":"2016-08-27T00:34:53","guid":{"rendered":"http:\/\/myymala.neolifecare.com\/?post_type=product&#038;p=76"},"modified":"2024-09-25T09:39:19","modified_gmt":"2024-09-25T09:39:19","slug":"acidophilus-plus","status":"publish","type":"product","link":"https:\/\/neolifecare.com\/kauppa\/tuote\/acidophilus-plus\/","title":{"rendered":"Acidophilus Plus"},"content":{"rendered":"<p>Viisi miljardia mikro-organismia yhdess\u00e4 kuorilossa &#8211; jopa 10 annosta jogurttia kerran p\u00e4iv\u00e4ss\u00e4 nautittavassa muodossa.<\/p>\n<ul>\n<li>Ainutlaatuinen sekoitus: Lactobacillus acidophilus, Lactobacillus bulgaricus, Lactobacillus paracasei, Bifidobacterium bifidum animalis ja Streptococcus thermophilus.<\/li>\n<li>Ainutlaatuinen Gel-Gard suoliston suojaj\u00e4rjestelm\u00e4 takaa, ett\u00e4 mahdollisimman paljon el\u00e4vi\u00e4 bakteereja p\u00e4\u00e4see suolistoon suojaamalla niit\u00e4 vahvoja vatsahappoja vastaan.<\/li>\n<\/ul>\n<p>Ainesosa- ja ravintolis\u00e4tiedot l\u00f6yd\u00e4t katsomalla etiketti\u00e4.<\/p>\n<ul>\n<li>Ravintolis\u00e4\u00e4 ei tule k\u00e4ytt\u00e4\u00e4 monipuolisen ruokavalion korvikkeena.<\/li>\n<li>Ilmoitettua suositeltua vuorokausiannosta ei saa ylitt\u00e4\u00e4.<\/li>\n<li>Tuote on s\u00e4ilytett\u00e4v\u00e4 pienten lasten ulottomattomissa.Ainesosa- ja ravintolis\u00e4tiedot l\u00f6yd\u00e4t katsomalla etiketti\u00e4.<\/li>\n<li>Ravintolis\u00e4\u00e4 ei tule k\u00e4ytt\u00e4\u00e4 monipuolisen ruokavalion korvikkeena.<\/li>\n<li>Ilmoitettua suositeltua vuorokausiannosta ei saa ylitt\u00e4\u00e4.<\/li>\n<li>Tuote on s\u00e4ilytett\u00e4v\u00e4 pienten lasten ulottomattomissa.<\/li>\n<\/ul>\n","protected":false},"excerpt":{"rendered":"<p>Suolistoon kohdistettu kuorilo, joka sis\u00e4lt\u00e4\u00e4 5 miljardia el\u00e4v\u00e4\u00e4 mikro-organismia.<\/p>\n<div class=\"grid_3\">\n<h3>Edut<\/h3>\n<div class=\"TabbedBoxInnerContent\">\n<ul>\n<li>Hyvi\u00e4 bakteereja suolistofloorallesi.<\/li>\n<\/ul>\n<\/div>\n<\/div>\n","protected":false},"featured_media":77,"comment_status":"open","ping_status":"closed","template":"","meta":[],"class_list":{"0":"post-76","1":"product","2":"type-product","3":"status-publish","4":"has-post-thumbnail","6":"product_cat-ravintolisat","8":"first","9":"outofstock","10":"taxable","11":"shipping-taxable","12":"purchasable","13":"product-type-simple"},"_links":{"self":[{"href":"https:\/\/neolifecare.com\/kauppa\/wp-json\/wp\/v2\/product\/76"}],"collection":[{"href":"https:\/\/neolifecare.com\/kauppa\/wp-json\/wp\/v2\/product"}],"about":[{"href":"https:\/\/neolifecare.com\/kauppa\/wp-json\/wp\/v2\/types\/product"}],"replies":[{"embeddable":true,"href":"https:\/\/neolifecare.com\/kauppa\/wp-json\/wp\/v2\/comments?post=76"}],"version-history":[{"count":1,"href":"https:\/\/neolifecare.com\/kauppa\/wp-json\/wp\/v2\/product\/76\/revisions"}],"predecessor-version":[{"id":114,"href":"https:\/\/neolifecare.com\/kauppa\/wp-json\/wp\/v2\/product\/76\/revisions\/114"}],"wp:featuredmedia":[{"embeddable":true,"href":"https:\/\/neolifecare.com\/kauppa\/wp-json\/wp\/v2\/media\/77"}],"wp:attachment":[{"href":"https:\/\/neolifecare.com\/kauppa\/wp-json\/wp\/v2\/media?parent=76"}],"curies":[{"name":"wp","href":"https:\/\/api.w.org\/{rel}","templated":true}]}}