{"id":880,"date":"2018-07-31T09:35:32","date_gmt":"2018-07-31T09:35:32","guid":{"rendered":"https:\/\/neolifecare.com\/kauppa\/?post_type=product&#038;p=880"},"modified":"2018-07-31T10:03:59","modified_gmt":"2018-07-31T10:03:59","slug":"1-4-kayntia-paiva-tai-1-h-paivittain","status":"publish","type":"product","link":"https:\/\/neolifecare.com\/kauppa\/tuote\/1-4-kayntia-paiva-tai-1-h-paivittain\/","title":{"rendered":"Palvelupaketti1-4 k\u00e4ynti\u00e4 p\u00e4iv\u00e4ss\u00e4\/ 1h 0%alv"},"content":{"rendered":"<p>Palvelupaketti 1-4 k\u00e4ynti\u00e4 p\u00e4iv\u00e4ss\u00e4\/ 1h \/ 700e\/kk 0% alv<\/p>\n","protected":false},"excerpt":{"rendered":"<p><strong>T<\/strong>\u00e4ss\u00e4 palvelupaketissa palveluun kuuluu 1 tunti joka p\u00e4iv\u00e4. Palvelujen kesto on 1 h p\u00e4iv\u00e4ss\u00e4, joka kattaa 1-4 k\u00e4ynti\u00e4 p\u00e4iv\u00e4ss\u00e4. Voit itse p\u00e4\u00e4tt\u00e4\u00e4 k\u00e4yntien kestot. K\u00e4ynnit voivat sis\u00e4lt\u00e4\u00e4 kotihoitoa, kotisairaanhoitoa tai molempia palveluja asiakkaan toiveen mukaan. T\u00e4m\u00e4 on jatkuva kuukausittainen palvelupaketti, joka tulee irtisanoa 14 vrk ennen uuden kuukauden alkua.<\/p>\n<p>&nbsp;<\/p>\n","protected":false},"featured_media":882,"comment_status":"open","ping_status":"closed","template":"","meta":[],"class_list":{"0":"post-880","1":"product","2":"type-product","3":"status-publish","4":"has-post-thumbnail","6":"product_cat-muut","7":"product_cat-palvelupaketit","9":"first","10":"instock","11":"taxable","12":"shipping-taxable","13":"purchasable","14":"product-type-simple"},"_links":{"self":[{"href":"https:\/\/neolifecare.com\/kauppa\/wp-json\/wp\/v2\/product\/880"}],"collection":[{"href":"https:\/\/neolifecare.com\/kauppa\/wp-json\/wp\/v2\/product"}],"about":[{"href":"https:\/\/neolifecare.com\/kauppa\/wp-json\/wp\/v2\/types\/product"}],"replies":[{"embeddable":true,"href":"https:\/\/neolifecare.com\/kauppa\/wp-json\/wp\/v2\/comments?post=880"}],"version-history":[{"count":1,"href":"https:\/\/neolifecare.com\/kauppa\/wp-json\/wp\/v2\/product\/880\/revisions"}],"predecessor-version":[{"id":881,"href":"https:\/\/neolifecare.com\/kauppa\/wp-json\/wp\/v2\/product\/880\/revisions\/881"}],"wp:featuredmedia":[{"embeddable":true,"href":"https:\/\/neolifecare.com\/kauppa\/wp-json\/wp\/v2\/media\/882"}],"wp:attachment":[{"href":"https:\/\/neolifecare.com\/kauppa\/wp-json\/wp\/v2\/media?parent=880"}],"curies":[{"name":"wp","href":"https:\/\/api.w.org\/{rel}","templated":true}]}}