{"id":883,"date":"2018-07-31T10:07:06","date_gmt":"2018-07-31T10:07:06","guid":{"rendered":"https:\/\/neolifecare.com\/kauppa\/?post_type=product&#038;p=883"},"modified":"2018-07-31T10:21:18","modified_gmt":"2018-07-31T10:21:18","slug":"palvelupaketti-2-kayntia-paivassa-30-min-kk-0alv","status":"publish","type":"product","link":"https:\/\/neolifecare.com\/kauppa\/tuote\/palvelupaketti-2-kayntia-paivassa-30-min-kk-0alv\/","title":{"rendered":"2 k\u00e4ynti\u00e4 p\u00e4iv\u00e4ss\u00e4\/ 30 min\/kk 0%alv"},"content":{"rendered":"<p>Palvelupaketti 2 k\u00e4ynti\u00e4 p\u00e4iv\u00e4ss\u00e4\/ 30 min\/ 364e\/kk 0% alv<\/p>\n","protected":false},"excerpt":{"rendered":"<p><strong>T<\/strong>\u00e4ss\u00e4 palvelupaketissa palveluun kuuluu 30 minuuttia joka p\u00e4iv\u00e4. Palvelujen kesto on 30 min p\u00e4iv\u00e4ss\u00e4, joka kattaa 2 k\u00e4ynti\u00e4 p\u00e4iv\u00e4ss\u00e4. K\u00e4ynnit voivat sis\u00e4lt\u00e4\u00e4 kotihoitoa, kotisairaanhoitoa tai molempia palveluja asiakkaan toiveen mukaan. T\u00e4m\u00e4 on jatkuva kuukausittainen palvelupaketti, joka tulee irtisanoa 14 vrk ennen uuden kuukauden alkua.<\/p>\n","protected":false},"featured_media":884,"comment_status":"open","ping_status":"closed","template":"","meta":[],"class_list":{"0":"post-883","1":"product","2":"type-product","3":"status-publish","4":"has-post-thumbnail","6":"product_cat-muut","7":"product_cat-palvelupaketit","9":"first","10":"instock","11":"taxable","12":"shipping-taxable","13":"purchasable","14":"product-type-simple"},"_links":{"self":[{"href":"https:\/\/neolifecare.com\/kauppa\/wp-json\/wp\/v2\/product\/883"}],"collection":[{"href":"https:\/\/neolifecare.com\/kauppa\/wp-json\/wp\/v2\/product"}],"about":[{"href":"https:\/\/neolifecare.com\/kauppa\/wp-json\/wp\/v2\/types\/product"}],"replies":[{"embeddable":true,"href":"https:\/\/neolifecare.com\/kauppa\/wp-json\/wp\/v2\/comments?post=883"}],"version-history":[{"count":0,"href":"https:\/\/neolifecare.com\/kauppa\/wp-json\/wp\/v2\/product\/883\/revisions"}],"wp:featuredmedia":[{"embeddable":true,"href":"https:\/\/neolifecare.com\/kauppa\/wp-json\/wp\/v2\/media\/884"}],"wp:attachment":[{"href":"https:\/\/neolifecare.com\/kauppa\/wp-json\/wp\/v2\/media?parent=883"}],"curies":[{"name":"wp","href":"https:\/\/api.w.org\/{rel}","templated":true}]}}