{"id":885,"date":"2018-07-31T10:16:40","date_gmt":"2018-07-31T10:16:40","guid":{"rendered":"https:\/\/neolifecare.com\/kauppa\/?post_type=product&#038;p=885"},"modified":"2018-07-31T10:31:05","modified_gmt":"2018-07-31T10:31:05","slug":"1-kaynti-paiva-15-min-182-e-kk-0alv","status":"publish","type":"product","link":"https:\/\/neolifecare.com\/kauppa\/tuote\/1-kaynti-paiva-15-min-182-e-kk-0alv\/","title":{"rendered":"1 k\u00e4ynti p\u00e4iv\u00e4\/ 15 min\/kk 0%alv"},"content":{"rendered":"<p>Palvelupaketti 1 k\u00e4ynti p\u00e4iv\u00e4\/ 15 min\/ 182 e\/kk 0% alv<\/p>\n<p><em>\u00a0<\/em><\/p>\n","protected":false},"excerpt":{"rendered":"<p>T\u00e4ss\u00e4 palvelupaketissa palveluun kuuluu yksi 15 minuutin k\u00e4ynti p\u00e4iv\u00e4ss\u00e4. K\u00e4ynti voi olla kotihoitoa tai kotisairaanhoitoa asiakkaan toiveen mukaan.\u00a0 T\u00e4m\u00e4 on jatkuva kuukausittainen palvelupaketti, joka tulee irtisanoa 14 vrk ennen uuden kuukauden alkua.<\/p>\n","protected":false},"featured_media":887,"comment_status":"open","ping_status":"closed","template":"","meta":[],"class_list":{"0":"post-885","1":"product","2":"type-product","3":"status-publish","4":"has-post-thumbnail","6":"product_cat-muut","7":"product_cat-palvelupaketit","9":"first","10":"instock","11":"taxable","12":"shipping-taxable","13":"purchasable","14":"product-type-simple"},"_links":{"self":[{"href":"https:\/\/neolifecare.com\/kauppa\/wp-json\/wp\/v2\/product\/885"}],"collection":[{"href":"https:\/\/neolifecare.com\/kauppa\/wp-json\/wp\/v2\/product"}],"about":[{"href":"https:\/\/neolifecare.com\/kauppa\/wp-json\/wp\/v2\/types\/product"}],"replies":[{"embeddable":true,"href":"https:\/\/neolifecare.com\/kauppa\/wp-json\/wp\/v2\/comments?post=885"}],"version-history":[{"count":1,"href":"https:\/\/neolifecare.com\/kauppa\/wp-json\/wp\/v2\/product\/885\/revisions"}],"predecessor-version":[{"id":886,"href":"https:\/\/neolifecare.com\/kauppa\/wp-json\/wp\/v2\/product\/885\/revisions\/886"}],"wp:featuredmedia":[{"embeddable":true,"href":"https:\/\/neolifecare.com\/kauppa\/wp-json\/wp\/v2\/media\/887"}],"wp:attachment":[{"href":"https:\/\/neolifecare.com\/kauppa\/wp-json\/wp\/v2\/media?parent=885"}],"curies":[{"name":"wp","href":"https:\/\/api.w.org\/{rel}","templated":true}]}}