{"id":888,"date":"2018-07-31T10:27:42","date_gmt":"2018-07-31T10:27:42","guid":{"rendered":"https:\/\/neolifecare.com\/kauppa\/?post_type=product&#038;p=888"},"modified":"2018-07-31T10:29:26","modified_gmt":"2018-07-31T10:29:26","slug":"palvelupaketti-1-3-kayntia-viikossa-1h-kk-0alv","status":"publish","type":"product","link":"https:\/\/neolifecare.com\/kauppa\/tuote\/palvelupaketti-1-3-kayntia-viikossa-1h-kk-0alv\/","title":{"rendered":"Palvelupaketti 1-3 k\u00e4ynti\u00e4 viikossa\/ 1h \/kk 0%alv"},"content":{"rendered":"<p><em>T\u00e4ss\u00e4 palvelupaketissa k\u00e4yntej\u00e4 voi olla 1-3 viikossa. Kokonaiskesto palveluilta per viikko on 1 tunti, joka kattaa 1-3 k\u00e4ynti\u00e4 viikossa.Voit itse p\u00e4\u00e4tt\u00e4\u00e4 k\u00e4yntien kestot. K\u00e4ynnit voivat olla kotihoitoa tai kotisairaanhoitoa tai molempia palveluja asiakkaan toiveen mukaan.<\/em><\/p>\n","protected":false},"excerpt":{"rendered":"<p>Palvelupaketti 1-3 k\u00e4ynti\u00e4 viikossa\/ 1h \/ 104 e\/kk 0% alv<\/p>\n","protected":false},"featured_media":889,"comment_status":"open","ping_status":"closed","template":"","meta":[],"class_list":{"0":"post-888","1":"product","2":"type-product","3":"status-publish","4":"has-post-thumbnail","6":"product_cat-muut","7":"product_cat-palvelupaketit","9":"first","10":"instock","11":"taxable","12":"shipping-taxable","13":"purchasable","14":"product-type-simple"},"_links":{"self":[{"href":"https:\/\/neolifecare.com\/kauppa\/wp-json\/wp\/v2\/product\/888"}],"collection":[{"href":"https:\/\/neolifecare.com\/kauppa\/wp-json\/wp\/v2\/product"}],"about":[{"href":"https:\/\/neolifecare.com\/kauppa\/wp-json\/wp\/v2\/types\/product"}],"replies":[{"embeddable":true,"href":"https:\/\/neolifecare.com\/kauppa\/wp-json\/wp\/v2\/comments?post=888"}],"version-history":[{"count":0,"href":"https:\/\/neolifecare.com\/kauppa\/wp-json\/wp\/v2\/product\/888\/revisions"}],"wp:featuredmedia":[{"embeddable":true,"href":"https:\/\/neolifecare.com\/kauppa\/wp-json\/wp\/v2\/media\/889"}],"wp:attachment":[{"href":"https:\/\/neolifecare.com\/kauppa\/wp-json\/wp\/v2\/media?parent=888"}],"curies":[{"name":"wp","href":"https:\/\/api.w.org\/{rel}","templated":true}]}}