{"id":890,"date":"2018-07-31T10:33:55","date_gmt":"2018-07-31T10:33:55","guid":{"rendered":"https:\/\/neolifecare.com\/kauppa\/?post_type=product&#038;p=890"},"modified":"2018-07-31T10:33:56","modified_gmt":"2018-07-31T10:33:56","slug":"palvelupaketti-1-4-kayntia-viikossa-2h-kk-0alv","status":"publish","type":"product","link":"https:\/\/neolifecare.com\/kauppa\/tuote\/palvelupaketti-1-4-kayntia-viikossa-2h-kk-0alv\/","title":{"rendered":"Palvelupaketti 1-4 k\u00e4ynti\u00e4 viikossa\/ 2h \/kk 0%alv"},"content":{"rendered":"<p>Palvelupaketti 1-4 k\u00e4ynti\u00e4 viikossa\/ 2h \/ 200 e\/kk 0% alv<\/p>\n","protected":false},"excerpt":{"rendered":"<p>T\u00e4ss\u00e4 paketissa k\u00e4yntej\u00e4 voi olla 1-4 viikossa. Kokonaiskesto palveluilta viikossa on 2 tuntia, joka kattaa 1-4 k\u00e4ynti\u00e4 viikossa. Voit itse p\u00e4\u00e4tt\u00e4\u00e4 k\u00e4yntien kestot. K\u00e4ynnit voivat olla kotihoitoa tai kotisairaanhoitoa tai molempia palveluja asiakkaan toiveen mukaan.<\/p>\n","protected":false},"featured_media":891,"comment_status":"open","ping_status":"closed","template":"","meta":[],"class_list":{"0":"post-890","1":"product","2":"type-product","3":"status-publish","4":"has-post-thumbnail","6":"product_cat-muut","7":"product_cat-palvelupaketit","9":"first","10":"instock","11":"taxable","12":"shipping-taxable","13":"purchasable","14":"product-type-simple"},"_links":{"self":[{"href":"https:\/\/neolifecare.com\/kauppa\/wp-json\/wp\/v2\/product\/890"}],"collection":[{"href":"https:\/\/neolifecare.com\/kauppa\/wp-json\/wp\/v2\/product"}],"about":[{"href":"https:\/\/neolifecare.com\/kauppa\/wp-json\/wp\/v2\/types\/product"}],"replies":[{"embeddable":true,"href":"https:\/\/neolifecare.com\/kauppa\/wp-json\/wp\/v2\/comments?post=890"}],"version-history":[{"count":0,"href":"https:\/\/neolifecare.com\/kauppa\/wp-json\/wp\/v2\/product\/890\/revisions"}],"wp:featuredmedia":[{"embeddable":true,"href":"https:\/\/neolifecare.com\/kauppa\/wp-json\/wp\/v2\/media\/891"}],"wp:attachment":[{"href":"https:\/\/neolifecare.com\/kauppa\/wp-json\/wp\/v2\/media?parent=890"}],"curies":[{"name":"wp","href":"https:\/\/api.w.org\/{rel}","templated":true}]}}