{"id":892,"date":"2018-07-31T10:35:38","date_gmt":"2018-07-31T10:35:38","guid":{"rendered":"https:\/\/neolifecare.com\/kauppa\/?post_type=product&#038;p=892"},"modified":"2018-07-31T10:42:43","modified_gmt":"2018-07-31T10:42:43","slug":"1-6-kayntia-viikossa-2-h-30-min-kk-0-alv","status":"publish","type":"product","link":"https:\/\/neolifecare.com\/kauppa\/tuote\/1-6-kayntia-viikossa-2-h-30-min-kk-0-alv\/","title":{"rendered":"1-6 k\u00e4ynti\u00e4 viikossa\/ 2 h 30 min\/kk 0% alv"},"content":{"rendered":"<p>Palvelupaketti 1-6 k\u00e4ynti\u00e4 viikossa\/ 2 h 30 min\/ 260 e\/kk 0% alv<\/p>\n","protected":false},"excerpt":{"rendered":"<p>Palvelupaketti sis\u00e4lt\u00e4\u00e4 1-6 k\u00e4ynti\u00e4 viikossa. Kokonaiskesto palveluilta on 2 h 30 min viikossa, joka kattaa 1-6 k\u00e4ynti\u00e4 viikossa. Voit itse p\u00e4\u00e4tt\u00e4\u00e4 k\u00e4yntien kestot. K\u00e4ynnit voivat olla kotihoitoa tai kotisairaanhoitoa tai molempia palveluja asiakkaan toiveen mukaan.<\/p>\n","protected":false},"featured_media":893,"comment_status":"open","ping_status":"closed","template":"","meta":[],"class_list":{"0":"post-892","1":"product","2":"type-product","3":"status-publish","4":"has-post-thumbnail","6":"product_cat-muut","7":"product_cat-palvelupaketit","9":"first","10":"instock","11":"taxable","12":"shipping-taxable","13":"purchasable","14":"product-type-simple"},"_links":{"self":[{"href":"https:\/\/neolifecare.com\/kauppa\/wp-json\/wp\/v2\/product\/892"}],"collection":[{"href":"https:\/\/neolifecare.com\/kauppa\/wp-json\/wp\/v2\/product"}],"about":[{"href":"https:\/\/neolifecare.com\/kauppa\/wp-json\/wp\/v2\/types\/product"}],"replies":[{"embeddable":true,"href":"https:\/\/neolifecare.com\/kauppa\/wp-json\/wp\/v2\/comments?post=892"}],"version-history":[{"count":0,"href":"https:\/\/neolifecare.com\/kauppa\/wp-json\/wp\/v2\/product\/892\/revisions"}],"wp:featuredmedia":[{"embeddable":true,"href":"https:\/\/neolifecare.com\/kauppa\/wp-json\/wp\/v2\/media\/893"}],"wp:attachment":[{"href":"https:\/\/neolifecare.com\/kauppa\/wp-json\/wp\/v2\/media?parent=892"}],"curies":[{"name":"wp","href":"https:\/\/api.w.org\/{rel}","templated":true}]}}